{"id":180,"date":"2025-02-04T20:21:11","date_gmt":"2025-02-04T20:21:11","guid":{"rendered":"https:\/\/sivupolkuja.fi\/?page_id=180"},"modified":"2025-02-14T10:26:26","modified_gmt":"2025-02-14T08:26:26","slug":"palvelut","status":"publish","type":"page","link":"https:\/\/sivupolkuja.fi\/index.php\/palvelut\/","title":{"rendered":"Palvelut"},"content":{"rendered":"\n<h2 class=\"wp-block-heading has-text-align-center\"><strong>\u201dMin\u00e4 kirjoitan minusta. Sin\u00e4 luet sinusta.\u201d \u2013 Stian Hole<\/strong><\/h2>\n\n\n\n<div class=\"wp-block-cover is-light\" style=\"min-height:482px;aspect-ratio:unset;\"><span aria-hidden=\"true\" class=\"wp-block-cover__background has-custom-kanerva-background-color has-background-dim-100 has-background-dim\"><\/span><div class=\"wp-block-cover__inner-container has-global-padding is-layout-constrained wp-block-cover-is-layout-constrained\">\n<p class=\"has-text-align-center has-large-font-size\"><img loading=\"lazy\" decoding=\"async\" width=\"600\" height=\"208\" class=\"wp-image-46\" style=\"width: 600px;\" src=\"https:\/\/sivupolkuja.fi\/wp-content\/uploads\/2025\/01\/Sivupolkuja-teksti-logo600.png\" alt=\"\" srcset=\"https:\/\/sivupolkuja.fi\/wp-content\/uploads\/2025\/01\/Sivupolkuja-teksti-logo600.png 3604w, https:\/\/sivupolkuja.fi\/wp-content\/uploads\/2025\/01\/Sivupolkuja-teksti-logo600-300x104.png 300w, https:\/\/sivupolkuja.fi\/wp-content\/uploads\/2025\/01\/Sivupolkuja-teksti-logo600-1024x355.png 1024w, https:\/\/sivupolkuja.fi\/wp-content\/uploads\/2025\/01\/Sivupolkuja-teksti-logo600-768x266.png 768w, https:\/\/sivupolkuja.fi\/wp-content\/uploads\/2025\/01\/Sivupolkuja-teksti-logo600-1536x532.png 1536w, https:\/\/sivupolkuja.fi\/wp-content\/uploads\/2025\/01\/Sivupolkuja-teksti-logo600-2048x710.png 2048w\" sizes=\"auto, (max-width: 600px) 100vw, 600px\" \/><\/p>\n<\/div><\/div>\n\n\n\n<div class=\"wp-block-group has-global-padding is-layout-constrained wp-block-group-is-layout-constrained\"><\/div>\n\n\n\n<div class=\"wp-block-group has-global-padding is-layout-constrained wp-block-group-is-layout-constrained\"><\/div>\n\n\n\n<div class=\"wp-block-group has-global-padding is-layout-constrained wp-container-core-group-is-layout-9f7737cb wp-block-group-is-layout-constrained\" style=\"margin-top:0;margin-bottom:0;padding-right:0;padding-left:0\">\n<div class=\"wp-block-columns is-layout-flex wp-container-core-columns-is-layout-7d21dc7d wp-block-columns-is-layout-flex\" style=\"padding-right:var(--wp--preset--spacing--superbspacing-xsmall);padding-left:var(--wp--preset--spacing--superbspacing-xsmall)\">\n<div class=\"wp-block-column is-layout-flow wp-block-column-is-layout-flow\">\n<p>Ohjaamani ryhm\u00e4t ja yksil\u00f6ohjaus sopivat kaikille kirjoittamisesta tai itsetutkiskelusta kiinnostuneille. Pid\u00e4n Heikki Savolan m\u00e4\u00e4rittelyst\u00e4: sanataiteessa kirjoittaminen on p\u00e4\u00e4m\u00e4\u00e4r\u00e4, kirjallisuusterapiassa se on v\u00e4line.<\/p>\n\n\n\n<p>Ohjauksessani voit itse m\u00e4\u00e4ritell\u00e4, mik\u00e4 on kirjoittamisesi tavoite. Se voi olla esimerkiksi kirjoittamisen ilon ja luovuuden l\u00f6yt\u00e4minen, s\u00e4\u00e4nn\u00f6llisen kirjoitusrytmin l\u00f6yt\u00e4minen, oman el\u00e4m\u00e4n tutkiskelu ja min\u00e4n vahvistaminen, uusien vinkkien ja n\u00e4k\u00f6kulmien saaminen tarinoiden tai runojen kirjoittamiseen tai hetken irtiotto arjesta luontokirjoittamisen avulla.<\/p>\n<\/div>\n<\/div>\n<\/div>\n\n\n\n<div class=\"wp-block-group has-global-padding is-content-justification-center is-layout-constrained wp-block-group-is-layout-constrained\">\n<div class=\"wp-block-columns is-layout-flex wp-container-core-columns-is-layout-28f84493 wp-block-columns-is-layout-flex\">\n<div class=\"wp-block-column is-layout-flow wp-block-column-is-layout-flow\">\n<style>\ndiv.relative {\n  position: relative;\n  height: 75px;\n} \n\ndiv.absolute {\n  position: absolute;\n  top: 0px;\n  left: 20px;\n  height: 30px;\n  letter-spacing: 2px;\n  font-family: arboria-bold;\n}\n<\/style>\n<div class=\"relative\">\n<img decoding=\"async\" src=\"https:\/\/sivupolkuja.fi\/wp-content\/uploads\/2025\/01\/Muste-kanerva600.png\" style=\"height:65px;padding-top:5px;\"\/>\n<div class=\"absolute\"><h3>Kirjallisuusterapia<\/h3><\/div>\n<\/div>\n\n\n\n<blockquote class=\"wp-block-quote is-layout-flow wp-block-quote-is-layout-flow\">\n<p>Mink\u00e4laista tarinaa sin\u00e4 kerrot itsest\u00e4si?<\/p>\n\n\n\n<p>Turvallisessa ja empaattisessa ymp\u00e4rist\u00f6ss\u00e4, sanataiteen turvin, voi omaa tarinaansa muokata ja muuttaa, saa mahdollisuuden tulla kohdatuksi ja kuulluksi. Kirjoitettuja sanoja ei arvostella kriittisesti.<\/p>\n\n\n\n<p>Kirjallisuusterapian tavoitteita ovat min\u00e4n vahvistaminen, tunneilmaisun sek\u00e4 suullisen ja kirjallisen itseilmaisun kehitt\u00e4minen ja virikkeiden antaminen.&nbsp;Kirjallisuusterapiassa hy\u00f6dynnet\u00e4\u00e4n kirjoittamista ja valmista aineistoa terapeuttisessa vuorovaikutuksessa.<\/p>\n<\/blockquote>\n<\/div>\n<\/div>\n<\/div>\n\n\n\n<div class=\"wp-block-group has-global-padding is-layout-constrained wp-block-group-is-layout-constrained\">\n<div class=\"wp-block-columns is-layout-flex wp-container-core-columns-is-layout-28f84493 wp-block-columns-is-layout-flex\">\n<div class=\"wp-block-column is-layout-flow wp-block-column-is-layout-flow\">\n<style>\ndiv.relative {\n  position: relative;\n  height: 75px;\n} \n\ndiv.absolute {\n  position: absolute;\n  top: 0px;\n  left: 20px;\n  height: 30px;\n  letter-spacing: 2px;\n  font-family: arboria-bold;\n}\n<\/style>\n<div class=\"relative\">\n<img decoding=\"async\" src=\"https:\/\/sivupolkuja.fi\/wp-content\/uploads\/2025\/01\/Muste-usva600.png\" style=\"height:65px;padding-top:5px;\"\/>\n<div class=\"absolute\"><h3>Veteen kirjoitettua<\/h3><\/div>\n<\/div>\n\n\n\n<blockquote class=\"wp-block-quote is-style-default is-layout-flow wp-block-quote-is-layout-flow\">\n<p>Veden taju on jotakin syv\u00e4n omakohtaista, kirjoittaa Monika Fagerholm.<\/p>\n\n\n\n<p>Vesi on monelle meist\u00e4 t\u00e4rke\u00e4 elementti ja kirjallisuudessa loputon aarrearkku.<\/p>\n\n\n\n<p>Vesi kantaa ja hoitaa meit\u00e4 monin tavoin. Se vaikuttaa my\u00f6s mieleen. Veden \u00e4\u00e4rell\u00e4 oleskelu ja uiminen voivat olla meditatiivista, l\u00e4sn\u00e4oloa parhaimmillaan.<\/p>\n\n\n\n<p>Kirjoittajalle luonnon ja veden \u00e4\u00e4rell\u00e4 oleskelu tuo lis\u00e4\u00e4 sis\u00e4lt\u00f6\u00e4 ja kirjoittamisen iloa, tarjoaa aiheita ja innostavan kirjoittamisymp\u00e4rist\u00f6n. Esimerkiksi ranta voi olla sek\u00e4 paikka ett\u00e4 mielentila.<\/p>\n\n\n\n<p>Vesi ja meri antavat hyv\u00e4t raamit ja puitteet turvalliselle, metaforisellekin, kirjoittamiselle ja asioiden jakamiselle, omalle tarinalle ja minuuden uudelleen muovaamiselle.<\/p>\n<\/blockquote>\n<\/div>\n<\/div>\n<\/div>\n\n\n\n<div class=\"wp-block-group has-global-padding is-layout-constrained wp-block-group-is-layout-constrained\">\n<div class=\"wp-block-columns is-layout-flex wp-container-core-columns-is-layout-28f84493 wp-block-columns-is-layout-flex\">\n<div class=\"wp-block-column is-layout-flow wp-block-column-is-layout-flow\">\n<style>\ndiv.relative {\n  position: relative;\n  height: 75px;\n} \n\ndiv.absolute {\n  position: absolute;\n  top: 0px;\n  left: 20px;\n  height: 30px;\n  letter-spacing: 2px;\n  font-family: arboria-bold;\n}\n<\/style>\n<div class=\"relative\">\n<img decoding=\"async\" src=\"https:\/\/sivupolkuja.fi\/wp-content\/uploads\/2025\/01\/Muste-nuppu600.png\" style=\"height:65px;padding-top:5px;\"\/>\n<div class=\"absolute\"><h3>Kirjoittamisen yksil\u00f6ohjaus<\/h3><\/div>\n<\/div>\n\n\n\n<blockquote class=\"wp-block-quote is-layout-flow wp-block-quote-is-layout-flow\">\n<p>Haaveiletko kirjoittamisesta?<\/p>\n\n\n\n<p>Yksil\u00f6ohjauksessa saat vinkkej\u00e4 ja harjoituksia kirjoittamiseen. Keskustelun ja yksil\u00f6llisen tuen my\u00f6t\u00e4 saat uusia ajatuksia ja n\u00e4k\u00f6kulmia.<\/p>\n\n\n\n<p>Rakennamme kokonaisuuden niin, ett\u00e4 se palvelee sinun tarpeitasi kirjoittajana.<\/p>\n<\/blockquote>\n<\/div>\n<\/div>\n<\/div>\n\n\n\n<div class=\"wp-block-group has-global-padding is-layout-constrained wp-container-core-group-is-layout-f9ed52f9 wp-block-group-is-layout-constrained\" style=\"border-style:none;border-width:0px;margin-top:var(--wp--preset--spacing--superbspacing-large);margin-bottom:var(--wp--preset--spacing--superbspacing-large);padding-top:var(--wp--preset--spacing--superbspacing-small);padding-bottom:var(--wp--preset--spacing--superbspacing-small)\">\n<div class=\"wp-block-columns is-layout-flex wp-container-core-columns-is-layout-28f84493 wp-block-columns-is-layout-flex\">\n<div class=\"wp-block-column is-layout-flow wp-container-core-column-is-layout-8a368f38 wp-block-column-is-layout-flow\">\n<h3 class=\"wp-block-heading has-text-align-center\" style=\"border-top-width:4px;border-bottom-width:4px;padding-top:var(--wp--preset--spacing--superbspacing-small);padding-bottom:var(--wp--preset--spacing--superbspacing-small)\">\u201dMinusta tuli kirjailija meren rannalla vietettyjen kesien ansiosta, maisema houkutteli esiin tarinankertojan\u201d &#8211; Tove Jansson<\/h3>\n<\/div>\n<\/div>\n<\/div>\n\n\n\n<p><\/p>\n","protected":false},"excerpt":{"rendered":"<p>\u201dMin\u00e4 kirjoitan minusta. Sin\u00e4 luet sinusta.\u201d \u2013 Stian Hole Ohjaamani ryhm\u00e4t ja yksil\u00f6ohjaus sopivat kaikille kirjoittamisesta tai itsetutkiskelusta kiinnostuneille. Pid\u00e4n Heikki Savolan m\u00e4\u00e4rittelyst\u00e4: sanataiteessa kirjoittaminen on p\u00e4\u00e4m\u00e4\u00e4r\u00e4, kirjallisuusterapiassa se on v\u00e4line. Ohjauksessani voit itse m\u00e4\u00e4ritell\u00e4, mik\u00e4 on kirjoittamisesi tavoite. Se voi olla esimerkiksi kirjoittamisen ilon ja luovuuden l\u00f6yt\u00e4minen, s\u00e4\u00e4nn\u00f6llisen kirjoitusrytmin l\u00f6yt\u00e4minen, oman el\u00e4m\u00e4n tutkiskelu ja [&hellip;]<\/p>\n","protected":false},"author":1,"featured_media":0,"parent":0,"menu_order":0,"comment_status":"closed","ping_status":"closed","template":"full-width","meta":{"footnotes":""},"class_list":["post-180","page","type-page","status-publish","hentry"],"_links":{"self":[{"href":"https:\/\/sivupolkuja.fi\/index.php\/wp-json\/wp\/v2\/pages\/180","targetHints":{"allow":["GET"]}}],"collection":[{"href":"https:\/\/sivupolkuja.fi\/index.php\/wp-json\/wp\/v2\/pages"}],"about":[{"href":"https:\/\/sivupolkuja.fi\/index.php\/wp-json\/wp\/v2\/types\/page"}],"author":[{"embeddable":true,"href":"https:\/\/sivupolkuja.fi\/index.php\/wp-json\/wp\/v2\/users\/1"}],"replies":[{"embeddable":true,"href":"https:\/\/sivupolkuja.fi\/index.php\/wp-json\/wp\/v2\/comments?post=180"}],"version-history":[{"count":58,"href":"https:\/\/sivupolkuja.fi\/index.php\/wp-json\/wp\/v2\/pages\/180\/revisions"}],"predecessor-version":[{"id":391,"href":"https:\/\/sivupolkuja.fi\/index.php\/wp-json\/wp\/v2\/pages\/180\/revisions\/391"}],"wp:attachment":[{"href":"https:\/\/sivupolkuja.fi\/index.php\/wp-json\/wp\/v2\/media?parent=180"}],"curies":[{"name":"wp","href":"https:\/\/api.w.org\/{rel}","templated":true}]}}