{"id":67,"date":"2025-01-27T19:44:23","date_gmt":"2025-01-27T19:44:23","guid":{"rendered":"https:\/\/sivupolkuja.fi\/index.php\/sivupolkuja-blogi\/"},"modified":"2025-04-08T08:22:28","modified_gmt":"2025-04-08T06:22:28","slug":"sivupolkuja-blogi","status":"publish","type":"page","link":"https:\/\/sivupolkuja.fi\/index.php\/sivupolkuja-blogi\/","title":{"rendered":"Blogi &#8211; Kirjoista ja kirjoittamisesta"},"content":{"rendered":"\n<div class=\"wp-block-group has-global-padding is-layout-constrained wp-block-group-is-layout-constrained\">\n<h2 class=\"wp-block-heading\">Viimeisimm\u00e4t kirjoitukset<\/h2>\n\n\n<ul style=\"letter-spacing:1px;\" class=\"wp-block-latest-posts__list has-dates has-author has-link-color wp-elements-e1d451d4b991db7c6219edd86aad0c68 wp-block-latest-posts\"><li><div class=\"wp-block-latest-posts__featured-image alignleft\"><img loading=\"lazy\" decoding=\"async\" width=\"150\" height=\"150\" src=\"https:\/\/sivupolkuja.fi\/wp-content\/uploads\/2026\/01\/lukeminen-150x150.jpeg\" class=\"attachment-thumbnail size-thumbnail wp-post-image\" alt=\"\" style=\"\" \/><\/div><a class=\"wp-block-latest-posts__post-title\" href=\"https:\/\/sivupolkuja.fi\/index.php\/2026\/01\/10\/kirjavuosi-2025\/\">Kirjavuosi 2025<\/a><div class=\"wp-block-latest-posts__post-author\">kirjoittanut Anne Valkeap\u00e4\u00e4<\/div><time datetime=\"2026-01-10T16:05:45+02:00\" class=\"wp-block-latest-posts__post-date\">10.1.2026<\/time><\/li>\n<li><div class=\"wp-block-latest-posts__featured-image alignleft\"><img loading=\"lazy\" decoding=\"async\" width=\"150\" height=\"150\" src=\"https:\/\/sivupolkuja.fi\/wp-content\/uploads\/2025\/07\/Aidin-oma-150x150.png\" class=\"attachment-thumbnail size-thumbnail wp-post-image\" alt=\"\" style=\"\" \/><\/div><a class=\"wp-block-latest-posts__post-title\" href=\"https:\/\/sivupolkuja.fi\/index.php\/2025\/07\/05\/aidin-oma\/\">\u00c4idin oma<\/a><div class=\"wp-block-latest-posts__post-author\">kirjoittanut Anne Valkeap\u00e4\u00e4<\/div><time datetime=\"2025-07-05T14:11:00+02:00\" class=\"wp-block-latest-posts__post-date\">5.7.2025<\/time><\/li>\n<li><div class=\"wp-block-latest-posts__featured-image alignleft\"><img loading=\"lazy\" decoding=\"async\" width=\"150\" height=\"150\" src=\"https:\/\/sivupolkuja.fi\/wp-content\/uploads\/2025\/04\/Elamani-miehet--150x150.jpeg\" class=\"attachment-thumbnail size-thumbnail wp-post-image\" alt=\"\" style=\"\" \/><\/div><a class=\"wp-block-latest-posts__post-title\" href=\"https:\/\/sivupolkuja.fi\/index.php\/2025\/04\/08\/elamani-miehet\/\">El\u00e4m\u00e4ni miehet<\/a><div class=\"wp-block-latest-posts__post-author\">kirjoittanut Anne Valkeap\u00e4\u00e4<\/div><time datetime=\"2025-04-08T09:09:03+02:00\" class=\"wp-block-latest-posts__post-date\">8.4.2025<\/time><\/li>\n<li><div class=\"wp-block-latest-posts__featured-image alignleft\"><img loading=\"lazy\" decoding=\"async\" width=\"150\" height=\"150\" src=\"https:\/\/sivupolkuja.fi\/wp-content\/uploads\/2025\/02\/art-1-1-150x150.png\" class=\"attachment-thumbnail size-thumbnail wp-post-image\" alt=\"\" style=\"\" \/><\/div><a class=\"wp-block-latest-posts__post-title\" href=\"https:\/\/sivupolkuja.fi\/index.php\/2025\/02\/13\/haikara-levittaa-siipensa\/\">Haikara levitt\u00e4\u00e4 siipens\u00e4<\/a><div class=\"wp-block-latest-posts__post-author\">kirjoittanut Anne Valkeap\u00e4\u00e4<\/div><time datetime=\"2025-02-13T18:13:21+02:00\" class=\"wp-block-latest-posts__post-date\">13.2.2025<\/time><\/li>\n<\/ul>\n\n\n<div style=\"height:100px\" aria-hidden=\"true\" class=\"wp-block-spacer\"><\/div>\n\n\n\n<h2 class=\"wp-block-heading\">Kategoriat<\/h2>\n\n\n<ul style=\"letter-spacing:1px;\" class=\"wp-block-categories-list wp-block-categories\">\t<li class=\"cat-item cat-item-7\"><a href=\"https:\/\/sivupolkuja.fi\/index.php\/category\/kirjoista\/\">kirjoista<\/a> (4)\n<\/li>\n<\/ul>\n\n\n<h2 class=\"wp-block-heading\">Arkisto<\/h2>\n\n\n<ul style=\"letter-spacing:1px;\" class=\"wp-block-archives-list wp-block-archives\">\t<li><a href='https:\/\/sivupolkuja.fi\/index.php\/2026\/01\/'>tammikuu 2026<\/a>&nbsp;(1)<\/li>\n\t<li><a href='https:\/\/sivupolkuja.fi\/index.php\/2025\/07\/'>hein\u00e4kuu 2025<\/a>&nbsp;(1)<\/li>\n\t<li><a href='https:\/\/sivupolkuja.fi\/index.php\/2025\/04\/'>huhtikuu 2025<\/a>&nbsp;(1)<\/li>\n\t<li><a href='https:\/\/sivupolkuja.fi\/index.php\/2025\/02\/'>helmikuu 2025<\/a>&nbsp;(1)<\/li>\n<\/ul><\/div>\n\n\n\n<p><\/p>\n","protected":false},"excerpt":{"rendered":"<p>Viimeisimm\u00e4t kirjoitukset Kategoriat Arkisto<\/p>\n","protected":false},"author":1,"featured_media":0,"parent":0,"menu_order":0,"comment_status":"closed","ping_status":"closed","template":"","meta":{"footnotes":""},"class_list":["post-67","page","type-page","status-publish","hentry"],"_links":{"self":[{"href":"https:\/\/sivupolkuja.fi\/index.php\/wp-json\/wp\/v2\/pages\/67","targetHints":{"allow":["GET"]}}],"collection":[{"href":"https:\/\/sivupolkuja.fi\/index.php\/wp-json\/wp\/v2\/pages"}],"about":[{"href":"https:\/\/sivupolkuja.fi\/index.php\/wp-json\/wp\/v2\/types\/page"}],"author":[{"embeddable":true,"href":"https:\/\/sivupolkuja.fi\/index.php\/wp-json\/wp\/v2\/users\/1"}],"replies":[{"embeddable":true,"href":"https:\/\/sivupolkuja.fi\/index.php\/wp-json\/wp\/v2\/comments?post=67"}],"version-history":[{"count":14,"href":"https:\/\/sivupolkuja.fi\/index.php\/wp-json\/wp\/v2\/pages\/67\/revisions"}],"predecessor-version":[{"id":394,"href":"https:\/\/sivupolkuja.fi\/index.php\/wp-json\/wp\/v2\/pages\/67\/revisions\/394"}],"wp:attachment":[{"href":"https:\/\/sivupolkuja.fi\/index.php\/wp-json\/wp\/v2\/media?parent=67"}],"curies":[{"name":"wp","href":"https:\/\/api.w.org\/{rel}","templated":true}]}}